{"id":826,"date":"2026-02-16T09:44:22","date_gmt":"2026-02-16T09:44:22","guid":{"rendered":"https:\/\/netmastertech.com\/demos\/bedrifts\/new-blog\/"},"modified":"2026-03-23T09:29:59","modified_gmt":"2026-03-23T09:29:59","slug":"blog","status":"publish","type":"page","link":"https:\/\/bedrifts-telefoni.no\/en\/blog\/","title":{"rendered":"Blog"},"content":{"rendered":"\t\t<div data-elementor-type=\"wp-page\" data-elementor-id=\"826\" class=\"elementor elementor-826 elementor-819\">\n\t\t\t\t<div class=\"elementor-element elementor-element-c5beb43 e-flex e-con-boxed e-con e-parent\" data-id=\"c5beb43\" data-element_type=\"container\" data-e-type=\"container\" data-settings=\"{&quot;background_background&quot;:&quot;classic&quot;}\">\n\t\t\t\t\t<div class=\"e-con-inner\">\n\t\t\t\t<div class=\"elementor-element elementor-element-5329390 elementor-widget elementor-widget-heading\" data-id=\"5329390\" data-element_type=\"widget\" data-e-type=\"widget\" data-widget_type=\"heading.default\">\n\t\t\t\t\t<h1 class=\"elementor-heading-title elementor-size-default\">Blog<\/h1>\t\t\t\t<\/div>\n\t\t\t\t\t<\/div>\n\t\t\t\t<\/div>\n\t\t<div class=\"elementor-element elementor-element-01adb98 blog-section e-flex e-con-boxed e-con e-parent\" data-id=\"01adb98\" data-element_type=\"container\" data-e-type=\"container\">\n\t\t\t\t\t<div class=\"e-con-inner\">\n\t\t<div class=\"elementor-element elementor-element-2e41cad e-con-full e-flex e-con e-child\" data-id=\"2e41cad\" data-element_type=\"container\" data-e-type=\"container\">\n\t\t<div class=\"elementor-element elementor-element-905a4ec e-con-full e-flex e-con e-child\" data-id=\"905a4ec\" data-element_type=\"container\" data-e-type=\"container\">\n\t\t\t\t<div class=\"elementor-element elementor-element-6cc4922 elementor-widget elementor-widget-hfe-basic-posts\" data-id=\"6cc4922\" data-element_type=\"widget\" data-e-type=\"widget\" data-widget_type=\"hfe-basic-posts.default\">\n\t\t\t\t<div class=\"elementor-widget-container\">\n\t\t\t\t\t\n<div class=\"hfe-posts-grid\">\n\t\t\t<article class=\"hfe-post-card\">\n\t\t\t\t\t\t\t<div class=\"hfe-post-image\">\n\t\t\t\t\t<a href=\"https:\/\/bedrifts-telefoni.no\/en\/what-is-a-business-mobile-plan-and-who-is-it-for\/\" rel=\"bookmark\">\n\t\t\t\t\t\t<img loading=\"lazy\" decoding=\"async\" width=\"300\" height=\"180\" src=\"https:\/\/bedrifts-telefoni.no\/wp-content\/uploads\/2026\/03\/Hva-er-et-bedriftsabonnement-og-hvem-passer-det-for-300x180.png\" class=\"attachment-medium size-medium wp-post-image\" alt=\"What is a business mobile plan, and who is it for?\" loading=\"lazy\" srcset=\"https:\/\/bedrifts-telefoni.no\/wp-content\/uploads\/2026\/03\/Hva-er-et-bedriftsabonnement-og-hvem-passer-det-for-300x180.png 300w, https:\/\/bedrifts-telefoni.no\/wp-content\/uploads\/2026\/03\/Hva-er-et-bedriftsabonnement-og-hvem-passer-det-for-768x461.png 768w, https:\/\/bedrifts-telefoni.no\/wp-content\/uploads\/2026\/03\/Hva-er-et-bedriftsabonnement-og-hvem-passer-det-for.png 1000w\" sizes=\"auto, (max-width: 300px) 100vw, 300px\" \/>\t\t\t\t\t<\/a>\n\t\t\t\t<\/div>\n\t\t\t\n\t\t\t<div class=\"hfe-post-content\">\n\t\t\t\t\t\t\t\t\t<h3 class=\"hfe-post-title\">\n\t\t\t\t\t\t<a href=\"https:\/\/bedrifts-telefoni.no\/en\/what-is-a-business-mobile-plan-and-who-is-it-for\/\" rel=\"bookmark\">\n\t\t\t\t\t\t\tWhat is a business mobile plan, and who is it for?\t\t\t\t\t\t<\/a>\n\t\t\t\t\t<\/h3>\n\t\t\t\t\n\t\t\t\t\n\t\t\t\t\t\t\t\t\t<div class=\"hfe-post-excerpt\">\n\t\t\t\t\t\tA business mobile plan is a mobile agreement designed for companies that want better control, simpler administration, and a solution...\t\t\t\t\t<\/div>\n\t\t\t\t\n\t\t\t\t\t\t\t\t\t<a href=\"https:\/\/bedrifts-telefoni.no\/en\/what-is-a-business-mobile-plan-and-who-is-it-for\/\" class=\"hfe-read-more\" rel=\"bookmark\">\n\t\t\t\t\t\tRead more\t\t\t\t\t<\/a>\n\t\t\t\t\t\t\t<\/div>\n\t\t<\/article>\n\t\t\t\t<article class=\"hfe-post-card\">\n\t\t\t\t\t\t\t<div class=\"hfe-post-image\">\n\t\t\t\t\t<a href=\"https:\/\/bedrifts-telefoni.no\/en\/switching-business-mobile-operators-when-should-you-change-providers\/\" rel=\"bookmark\">\n\t\t\t\t\t\t<img loading=\"lazy\" decoding=\"async\" width=\"300\" height=\"180\" src=\"https:\/\/bedrifts-telefoni.no\/wp-content\/uploads\/2026\/02\/Switching-business-300x180.png\" class=\"attachment-medium size-medium wp-post-image\" alt=\"Switching business mobile operators \u2013 When should you change providers?\" loading=\"lazy\" srcset=\"https:\/\/bedrifts-telefoni.no\/wp-content\/uploads\/2026\/02\/Switching-business-300x180.png 300w, https:\/\/bedrifts-telefoni.no\/wp-content\/uploads\/2026\/02\/Switching-business.png 768w\" sizes=\"auto, (max-width: 300px) 100vw, 300px\" \/>\t\t\t\t\t<\/a>\n\t\t\t\t<\/div>\n\t\t\t\n\t\t\t<div class=\"hfe-post-content\">\n\t\t\t\t\t\t\t\t\t<h3 class=\"hfe-post-title\">\n\t\t\t\t\t\t<a href=\"https:\/\/bedrifts-telefoni.no\/en\/switching-business-mobile-operators-when-should-you-change-providers\/\" rel=\"bookmark\">\n\t\t\t\t\t\t\tSwitching business mobile operators \u2013 When should you change providers?\t\t\t\t\t\t<\/a>\n\t\t\t\t\t<\/h3>\n\t\t\t\t\n\t\t\t\t\n\t\t\t\t\t\t\t\t\t<div class=\"hfe-post-excerpt\">\n\t\t\t\t\t\tSigns that it may be right to switch operators By comparing several options for business mobile subscriptions, many companies can...\t\t\t\t\t<\/div>\n\t\t\t\t\n\t\t\t\t\t\t\t\t\t<a href=\"https:\/\/bedrifts-telefoni.no\/en\/switching-business-mobile-operators-when-should-you-change-providers\/\" class=\"hfe-read-more\" rel=\"bookmark\">\n\t\t\t\t\t\tRead more\t\t\t\t\t<\/a>\n\t\t\t\t\t\t\t<\/div>\n\t\t<\/article>\n\t\t\t\t<article class=\"hfe-post-card\">\n\t\t\t\t\t\t\t<div class=\"hfe-post-image\">\n\t\t\t\t\t<a href=\"https:\/\/bedrifts-telefoni.no\/en\/business-mobile-telephony-why-professional-advice-can-save-you-money\/\" rel=\"bookmark\">\n\t\t\t\t\t\t<img loading=\"lazy\" decoding=\"async\" width=\"300\" height=\"180\" src=\"https:\/\/bedrifts-telefoni.no\/wp-content\/uploads\/2026\/02\/Mask-groupN-1-300x180.png\" class=\"attachment-medium size-medium wp-post-image\" alt=\"Business Mobile Telephony \u2013 Why Professional Advice Can Save You Money\" loading=\"lazy\" srcset=\"https:\/\/bedrifts-telefoni.no\/wp-content\/uploads\/2026\/02\/Mask-groupN-1-300x180.png 300w, https:\/\/bedrifts-telefoni.no\/wp-content\/uploads\/2026\/02\/Mask-groupN-1.png 768w\" sizes=\"auto, (max-width: 300px) 100vw, 300px\" \/>\t\t\t\t\t<\/a>\n\t\t\t\t<\/div>\n\t\t\t\n\t\t\t<div class=\"hfe-post-content\">\n\t\t\t\t\t\t\t\t\t<h3 class=\"hfe-post-title\">\n\t\t\t\t\t\t<a href=\"https:\/\/bedrifts-telefoni.no\/en\/business-mobile-telephony-why-professional-advice-can-save-you-money\/\" rel=\"bookmark\">\n\t\t\t\t\t\t\tBusiness Mobile Telephony \u2013 Why Professional Advice Can Save You Money\t\t\t\t\t\t<\/a>\n\t\t\t\t\t<\/h3>\n\t\t\t\t\n\t\t\t\t\n\t\t\t\t\t\t\t\t\t<div class=\"hfe-post-excerpt\">\n\t\t\t\t\t\tA review of business mobile services can reveal savings and better solutions for mobile telephony in the workplace. Mobile telephony...\t\t\t\t\t<\/div>\n\t\t\t\t\n\t\t\t\t\t\t\t\t\t<a href=\"https:\/\/bedrifts-telefoni.no\/en\/business-mobile-telephony-why-professional-advice-can-save-you-money\/\" class=\"hfe-read-more\" rel=\"bookmark\">\n\t\t\t\t\t\tRead more\t\t\t\t\t<\/a>\n\t\t\t\t\t\t\t<\/div>\n\t\t<\/article>\n\t\t\t\t<article class=\"hfe-post-card\">\n\t\t\t\t\t\t\t<div class=\"hfe-post-image\">\n\t\t\t\t\t<a href=\"https:\/\/bedrifts-telefoni.no\/en\/what-should-a-good-provider-of-business-mobile-telephony-offer\/\" rel=\"bookmark\">\n\t\t\t\t\t\t<img loading=\"lazy\" decoding=\"async\" width=\"300\" height=\"180\" src=\"https:\/\/bedrifts-telefoni.no\/wp-content\/uploads\/2026\/02\/blog3-2-1-300x180.png\" class=\"attachment-medium size-medium wp-post-image\" alt=\"What should a good provider of business mobile telephony offer?\" loading=\"lazy\" srcset=\"https:\/\/bedrifts-telefoni.no\/wp-content\/uploads\/2026\/02\/blog3-2-1-300x180.png 300w, https:\/\/bedrifts-telefoni.no\/wp-content\/uploads\/2026\/02\/blog3-2-1-768x461.png 768w, https:\/\/bedrifts-telefoni.no\/wp-content\/uploads\/2026\/02\/blog3-2-1.png 1000w\" sizes=\"auto, (max-width: 300px) 100vw, 300px\" \/>\t\t\t\t\t<\/a>\n\t\t\t\t<\/div>\n\t\t\t\n\t\t\t<div class=\"hfe-post-content\">\n\t\t\t\t\t\t\t\t\t<h3 class=\"hfe-post-title\">\n\t\t\t\t\t\t<a href=\"https:\/\/bedrifts-telefoni.no\/en\/what-should-a-good-provider-of-business-mobile-telephony-offer\/\" rel=\"bookmark\">\n\t\t\t\t\t\t\tWhat should a good provider of business mobile telephony offer?\t\t\t\t\t\t<\/a>\n\t\t\t\t\t<\/h3>\n\t\t\t\t\n\t\t\t\t\n\t\t\t\t\t\t\t\t\t<div class=\"hfe-post-excerpt\">\n\t\t\t\t\t\tAre you looking for a new business mobile telephony provider? Here is what you should demand from a modern business...\t\t\t\t\t<\/div>\n\t\t\t\t\n\t\t\t\t\t\t\t\t\t<a href=\"https:\/\/bedrifts-telefoni.no\/en\/what-should-a-good-provider-of-business-mobile-telephony-offer\/\" class=\"hfe-read-more\" rel=\"bookmark\">\n\t\t\t\t\t\tRead more\t\t\t\t\t<\/a>\n\t\t\t\t\t\t\t<\/div>\n\t\t<\/article>\n\t\t\t\t<article class=\"hfe-post-card\">\n\t\t\t\t\t\t\t<div class=\"hfe-post-image\">\n\t\t\t\t\t<a href=\"https:\/\/bedrifts-telefoni.no\/en\/5-signs-that-your-business-is-overpaying-for-mobile-telephony\/\" rel=\"bookmark\">\n\t\t\t\t\t\t<img loading=\"lazy\" decoding=\"async\" width=\"300\" height=\"180\" src=\"https:\/\/bedrifts-telefoni.no\/wp-content\/uploads\/2026\/02\/Mask-group-6-1-300x180.webp\" class=\"attachment-medium size-medium wp-post-image\" alt=\"5 signs that your business is overpaying for mobile telephony\" loading=\"lazy\" srcset=\"https:\/\/bedrifts-telefoni.no\/wp-content\/uploads\/2026\/02\/Mask-group-6-1-300x180.webp 300w, https:\/\/bedrifts-telefoni.no\/wp-content\/uploads\/2026\/02\/Mask-group-6-1-768x461.webp 768w, https:\/\/bedrifts-telefoni.no\/wp-content\/uploads\/2026\/02\/Mask-group-6-1.webp 1000w\" sizes=\"auto, (max-width: 300px) 100vw, 300px\" \/>\t\t\t\t\t<\/a>\n\t\t\t\t<\/div>\n\t\t\t\n\t\t\t<div class=\"hfe-post-content\">\n\t\t\t\t\t\t\t\t\t<h3 class=\"hfe-post-title\">\n\t\t\t\t\t\t<a href=\"https:\/\/bedrifts-telefoni.no\/en\/5-signs-that-your-business-is-overpaying-for-mobile-telephony\/\" rel=\"bookmark\">\n\t\t\t\t\t\t\t5 signs that your business is overpaying for mobile telephony\t\t\t\t\t\t<\/a>\n\t\t\t\t\t<\/h3>\n\t\t\t\t\n\t\t\t\t\n\t\t\t\t\t\t\t\t\t<div class=\"hfe-post-excerpt\">\n\t\t\t\t\t\tAre you paying too much for business mobile telephony? Here are 5 signs that your business subscription should be reviewed....\t\t\t\t\t<\/div>\n\t\t\t\t\n\t\t\t\t\t\t\t\t\t<a href=\"https:\/\/bedrifts-telefoni.no\/en\/5-signs-that-your-business-is-overpaying-for-mobile-telephony\/\" class=\"hfe-read-more\" rel=\"bookmark\">\n\t\t\t\t\t\tRead more\t\t\t\t\t<\/a>\n\t\t\t\t\t\t\t<\/div>\n\t\t<\/article>\n\t\t\t\t<article class=\"hfe-post-card\">\n\t\t\t\t\t\t\t<div class=\"hfe-post-image\">\n\t\t\t\t\t<a href=\"https:\/\/bedrifts-telefoni.no\/en\/business-subscriptions-in-2025-how-to-choose-the-right-mobile-subscription-for-your-business\/\" rel=\"bookmark\">\n\t\t\t\t\t\t<img loading=\"lazy\" decoding=\"async\" width=\"300\" height=\"180\" src=\"https:\/\/bedrifts-telefoni.no\/wp-content\/uploads\/2026\/02\/blog1-2-1-300x180.png\" class=\"attachment-medium size-medium wp-post-image\" alt=\"Business Subscriptions in 2025 \u2013 How to Choose the Right Mobile Subscription for Your Business\" loading=\"lazy\" srcset=\"https:\/\/bedrifts-telefoni.no\/wp-content\/uploads\/2026\/02\/blog1-2-1-300x180.png 300w, https:\/\/bedrifts-telefoni.no\/wp-content\/uploads\/2026\/02\/blog1-2-1-768x461.png 768w, https:\/\/bedrifts-telefoni.no\/wp-content\/uploads\/2026\/02\/blog1-2-1.png 1000w\" sizes=\"auto, (max-width: 300px) 100vw, 300px\" \/>\t\t\t\t\t<\/a>\n\t\t\t\t<\/div>\n\t\t\t\n\t\t\t<div class=\"hfe-post-content\">\n\t\t\t\t\t\t\t\t\t<h3 class=\"hfe-post-title\">\n\t\t\t\t\t\t<a href=\"https:\/\/bedrifts-telefoni.no\/en\/business-subscriptions-in-2025-how-to-choose-the-right-mobile-subscription-for-your-business\/\" rel=\"bookmark\">\n\t\t\t\t\t\t\tBusiness Subscriptions in 2025 \u2013 How to Choose the Right Mobile Subscription for Your Business\t\t\t\t\t\t<\/a>\n\t\t\t\t\t<\/h3>\n\t\t\t\t\n\t\t\t\t\n\t\t\t\t\t\t\t\t\t<div class=\"hfe-post-excerpt\">\n\t\t\t\t\t\tUnsure which business subscription to choose? Here&#8217;s how to find the right mobile subscription for your business and avoid overpaying....\t\t\t\t\t<\/div>\n\t\t\t\t\n\t\t\t\t\t\t\t\t\t<a href=\"https:\/\/bedrifts-telefoni.no\/en\/business-subscriptions-in-2025-how-to-choose-the-right-mobile-subscription-for-your-business\/\" class=\"hfe-read-more\" rel=\"bookmark\">\n\t\t\t\t\t\tRead more\t\t\t\t\t<\/a>\n\t\t\t\t\t\t\t<\/div>\n\t\t<\/article>\n\t\t<\/div>\n\t\t\t\t<\/div>\n\t\t\t\t<\/div>\n\t\t\t\t<\/div>\n\t\t\t\t<\/div>\n\t\t\t\t\t<\/div>\n\t\t\t\t<\/div>\n\t\t\t\t<\/div>\n\t\t","protected":false},"excerpt":{"rendered":"<p>Blog Mobilabonnement bedrift: hva b\u00f8r v\u00e6re inkludert? N\u00e5r en bedrift skal velge nytt mobilabonnement, er det lett \u00e5 fokusere p\u00e5 pris og datamengde. Men et godt mobilabonnement&#8230; Read more Hvordan velge riktig mobilabonnement bedrift \u00c5 velge riktig mobilabonnement bedrift handler om mer enn \u00e5 finne lavest mulig pris. For de fleste bedrifter er mobilen&#8230; Read [&hellip;]<\/p>\n","protected":false},"author":1,"featured_media":0,"parent":0,"menu_order":0,"comment_status":"closed","ping_status":"closed","template":"","meta":{"footnotes":""},"class_list":["post-826","page","type-page","status-publish","hentry"],"yoast_head":"<!-- This site is optimized with the Yoast SEO plugin v27.0 - https:\/\/yoast.com\/product\/yoast-seo-wordpress\/ -->\n<title>Corporate Mobile Telephony &amp; Subscription Insights | Bedrifts Telefoni Blog<\/title>\n<meta name=\"description\" content=\"Read expert guides on corporate mobile subscriptions, corporate telephony solutions, and how to choose or change a corporate mobile operator in Norway.\" \/>\n<meta name=\"robots\" content=\"index, follow, max-snippet:-1, max-image-preview:large, max-video-preview:-1\" \/>\n<link rel=\"canonical\" href=\"https:\/\/bedrifts-telefoni.no\/en\/blog\/\" \/>\n<meta property=\"og:locale\" content=\"en_US\" \/>\n<meta property=\"og:type\" content=\"article\" \/>\n<meta property=\"og:title\" content=\"Corporate Mobile Telephony &amp; Subscription Insights | Bedrifts Telefoni Blog\" \/>\n<meta property=\"og:description\" content=\"Read expert guides on corporate mobile subscriptions, corporate telephony solutions, and how to choose or change a corporate mobile operator in Norway.\" \/>\n<meta property=\"og:url\" content=\"https:\/\/bedrifts-telefoni.no\/en\/blog\/\" \/>\n<meta property=\"og:site_name\" content=\"Bedrifts Telefoni\" \/>\n<meta property=\"article:modified_time\" content=\"2026-03-23T09:29:59+00:00\" \/>\n<meta property=\"og:image\" content=\"https:\/\/bedrifts-telefoni.no\/wp-content\/uploads\/2026\/03\/Mobilabonnement-bedrift-hva-bor-vaere-inkludert-300x180.png\" \/>\n<meta name=\"twitter:card\" content=\"summary_large_image\" \/>\n<meta name=\"twitter:label1\" content=\"Est. reading time\" \/>\n\t<meta name=\"twitter:data1\" content=\"3 minutes\" \/>\n<script type=\"application\/ld+json\" class=\"yoast-schema-graph\">{\"@context\":\"https:\/\/schema.org\",\"@graph\":[{\"@type\":\"WebPage\",\"@id\":\"https:\/\/bedrifts-telefoni.no\/en\/blog\/\",\"url\":\"https:\/\/bedrifts-telefoni.no\/en\/blog\/\",\"name\":\"Corporate Mobile Telephony & Subscription Insights | Bedrifts Telefoni Blog\",\"isPartOf\":{\"@id\":\"https:\/\/bedrifts-telefoni.no\/en\/#website\"},\"primaryImageOfPage\":{\"@id\":\"https:\/\/bedrifts-telefoni.no\/en\/blog\/#primaryimage\"},\"image\":{\"@id\":\"https:\/\/bedrifts-telefoni.no\/en\/blog\/#primaryimage\"},\"thumbnailUrl\":\"https:\/\/bedrifts-telefoni.no\/wp-content\/uploads\/2026\/03\/Mobilabonnement-bedrift-hva-bor-vaere-inkludert-300x180.png\",\"datePublished\":\"2026-02-16T09:44:22+00:00\",\"dateModified\":\"2026-03-23T09:29:59+00:00\",\"description\":\"Read expert guides on corporate mobile subscriptions, corporate telephony solutions, and how to choose or change a corporate mobile operator in Norway.\",\"breadcrumb\":{\"@id\":\"https:\/\/bedrifts-telefoni.no\/en\/blog\/#breadcrumb\"},\"inLanguage\":\"en-US\",\"potentialAction\":[{\"@type\":\"ReadAction\",\"target\":[\"https:\/\/bedrifts-telefoni.no\/en\/blog\/\"]}]},{\"@type\":\"ImageObject\",\"inLanguage\":\"en-US\",\"@id\":\"https:\/\/bedrifts-telefoni.no\/en\/blog\/#primaryimage\",\"url\":\"https:\/\/bedrifts-telefoni.no\/wp-content\/uploads\/2026\/03\/Mobilabonnement-bedrift-hva-bor-vaere-inkludert-300x180.png\",\"contentUrl\":\"https:\/\/bedrifts-telefoni.no\/wp-content\/uploads\/2026\/03\/Mobilabonnement-bedrift-hva-bor-vaere-inkludert-300x180.png\"},{\"@type\":\"BreadcrumbList\",\"@id\":\"https:\/\/bedrifts-telefoni.no\/en\/blog\/#breadcrumb\",\"itemListElement\":[{\"@type\":\"ListItem\",\"position\":1,\"name\":\"Hjem\",\"item\":\"https:\/\/bedrifts-telefoni.no\/en\/\"},{\"@type\":\"ListItem\",\"position\":2,\"name\":\"Blog\"}]},{\"@type\":\"WebSite\",\"@id\":\"https:\/\/bedrifts-telefoni.no\/en\/#website\",\"url\":\"https:\/\/bedrifts-telefoni.no\/en\/\",\"name\":\"Bedrifts Telefoni\",\"description\":\"\",\"publisher\":{\"@id\":\"https:\/\/bedrifts-telefoni.no\/en\/#organization\"},\"potentialAction\":[{\"@type\":\"SearchAction\",\"target\":{\"@type\":\"EntryPoint\",\"urlTemplate\":\"https:\/\/bedrifts-telefoni.no\/en\/?s={search_term_string}\"},\"query-input\":{\"@type\":\"PropertyValueSpecification\",\"valueRequired\":true,\"valueName\":\"search_term_string\"}}],\"inLanguage\":\"en-US\"},{\"@type\":\"Organization\",\"@id\":\"https:\/\/bedrifts-telefoni.no\/en\/#organization\",\"name\":\"Bedrifts Telefoni\",\"alternateName\":\"bedrifts-telefoni.no\",\"url\":\"https:\/\/bedrifts-telefoni.no\/en\/\",\"logo\":{\"@type\":\"ImageObject\",\"inLanguage\":\"en-US\",\"@id\":\"https:\/\/bedrifts-telefoni.no\/en\/#\/schema\/logo\/image\/\",\"url\":\"https:\/\/bedrifts-telefoni.no\/wp-content\/uploads\/2026\/02\/Group-3-1-1.png\",\"contentUrl\":\"https:\/\/bedrifts-telefoni.no\/wp-content\/uploads\/2026\/02\/Group-3-1-1.png\",\"width\":191,\"height\":62,\"caption\":\"Bedrifts Telefoni\"},\"image\":{\"@id\":\"https:\/\/bedrifts-telefoni.no\/en\/#\/schema\/logo\/image\/\"}}]}<\/script>\n<!-- \/ Yoast SEO plugin. -->","yoast_head_json":{"title":"Corporate Mobile Telephony & Subscription Insights | Bedrifts Telefoni Blog","description":"Read expert guides on corporate mobile subscriptions, corporate telephony solutions, and how to choose or change a corporate mobile operator in Norway.","robots":{"index":"index","follow":"follow","max-snippet":"max-snippet:-1","max-image-preview":"max-image-preview:large","max-video-preview":"max-video-preview:-1"},"canonical":"https:\/\/bedrifts-telefoni.no\/en\/blog\/","og_locale":"en_US","og_type":"article","og_title":"Corporate Mobile Telephony & Subscription Insights | Bedrifts Telefoni Blog","og_description":"Read expert guides on corporate mobile subscriptions, corporate telephony solutions, and how to choose or change a corporate mobile operator in Norway.","og_url":"https:\/\/bedrifts-telefoni.no\/en\/blog\/","og_site_name":"Bedrifts Telefoni","article_modified_time":"2026-03-23T09:29:59+00:00","og_image":[{"url":"https:\/\/bedrifts-telefoni.no\/wp-content\/uploads\/2026\/03\/Mobilabonnement-bedrift-hva-bor-vaere-inkludert-300x180.png","type":"","width":"","height":""}],"twitter_card":"summary_large_image","twitter_misc":{"Est. reading time":"3 minutes"},"schema":{"@context":"https:\/\/schema.org","@graph":[{"@type":"WebPage","@id":"https:\/\/bedrifts-telefoni.no\/en\/blog\/","url":"https:\/\/bedrifts-telefoni.no\/en\/blog\/","name":"Corporate Mobile Telephony & Subscription Insights | Bedrifts Telefoni Blog","isPartOf":{"@id":"https:\/\/bedrifts-telefoni.no\/en\/#website"},"primaryImageOfPage":{"@id":"https:\/\/bedrifts-telefoni.no\/en\/blog\/#primaryimage"},"image":{"@id":"https:\/\/bedrifts-telefoni.no\/en\/blog\/#primaryimage"},"thumbnailUrl":"https:\/\/bedrifts-telefoni.no\/wp-content\/uploads\/2026\/03\/Mobilabonnement-bedrift-hva-bor-vaere-inkludert-300x180.png","datePublished":"2026-02-16T09:44:22+00:00","dateModified":"2026-03-23T09:29:59+00:00","description":"Read expert guides on corporate mobile subscriptions, corporate telephony solutions, and how to choose or change a corporate mobile operator in Norway.","breadcrumb":{"@id":"https:\/\/bedrifts-telefoni.no\/en\/blog\/#breadcrumb"},"inLanguage":"en-US","potentialAction":[{"@type":"ReadAction","target":["https:\/\/bedrifts-telefoni.no\/en\/blog\/"]}]},{"@type":"ImageObject","inLanguage":"en-US","@id":"https:\/\/bedrifts-telefoni.no\/en\/blog\/#primaryimage","url":"https:\/\/bedrifts-telefoni.no\/wp-content\/uploads\/2026\/03\/Mobilabonnement-bedrift-hva-bor-vaere-inkludert-300x180.png","contentUrl":"https:\/\/bedrifts-telefoni.no\/wp-content\/uploads\/2026\/03\/Mobilabonnement-bedrift-hva-bor-vaere-inkludert-300x180.png"},{"@type":"BreadcrumbList","@id":"https:\/\/bedrifts-telefoni.no\/en\/blog\/#breadcrumb","itemListElement":[{"@type":"ListItem","position":1,"name":"Hjem","item":"https:\/\/bedrifts-telefoni.no\/en\/"},{"@type":"ListItem","position":2,"name":"Blog"}]},{"@type":"WebSite","@id":"https:\/\/bedrifts-telefoni.no\/en\/#website","url":"https:\/\/bedrifts-telefoni.no\/en\/","name":"Bedrifts Telefoni","description":"","publisher":{"@id":"https:\/\/bedrifts-telefoni.no\/en\/#organization"},"potentialAction":[{"@type":"SearchAction","target":{"@type":"EntryPoint","urlTemplate":"https:\/\/bedrifts-telefoni.no\/en\/?s={search_term_string}"},"query-input":{"@type":"PropertyValueSpecification","valueRequired":true,"valueName":"search_term_string"}}],"inLanguage":"en-US"},{"@type":"Organization","@id":"https:\/\/bedrifts-telefoni.no\/en\/#organization","name":"Bedrifts Telefoni","alternateName":"bedrifts-telefoni.no","url":"https:\/\/bedrifts-telefoni.no\/en\/","logo":{"@type":"ImageObject","inLanguage":"en-US","@id":"https:\/\/bedrifts-telefoni.no\/en\/#\/schema\/logo\/image\/","url":"https:\/\/bedrifts-telefoni.no\/wp-content\/uploads\/2026\/02\/Group-3-1-1.png","contentUrl":"https:\/\/bedrifts-telefoni.no\/wp-content\/uploads\/2026\/02\/Group-3-1-1.png","width":191,"height":62,"caption":"Bedrifts Telefoni"},"image":{"@id":"https:\/\/bedrifts-telefoni.no\/en\/#\/schema\/logo\/image\/"}}]}},"_links":{"self":[{"href":"https:\/\/bedrifts-telefoni.no\/en\/wp-json\/wp\/v2\/pages\/826","targetHints":{"allow":["GET"]}}],"collection":[{"href":"https:\/\/bedrifts-telefoni.no\/en\/wp-json\/wp\/v2\/pages"}],"about":[{"href":"https:\/\/bedrifts-telefoni.no\/en\/wp-json\/wp\/v2\/types\/page"}],"author":[{"embeddable":true,"href":"https:\/\/bedrifts-telefoni.no\/en\/wp-json\/wp\/v2\/users\/1"}],"replies":[{"embeddable":true,"href":"https:\/\/bedrifts-telefoni.no\/en\/wp-json\/wp\/v2\/comments?post=826"}],"version-history":[{"count":9,"href":"https:\/\/bedrifts-telefoni.no\/en\/wp-json\/wp\/v2\/pages\/826\/revisions"}],"predecessor-version":[{"id":1191,"href":"https:\/\/bedrifts-telefoni.no\/en\/wp-json\/wp\/v2\/pages\/826\/revisions\/1191"}],"wp:attachment":[{"href":"https:\/\/bedrifts-telefoni.no\/en\/wp-json\/wp\/v2\/media?parent=826"}],"curies":[{"name":"wp","href":"https:\/\/api.w.org\/{rel}","templated":true}]}}